{"id":2456,"date":"2019-04-04T11:03:42","date_gmt":"2019-04-04T09:03:42","guid":{"rendered":"https:\/\/www.inmi.it\/?page_id=2456"},"modified":"2022-04-04T10:44:20","modified_gmt":"2022-04-04T08:44:20","slug":"infezioni-emergenti-ed-infezioni-associate-allassistenza","status":"publish","type":"page","link":"https:\/\/www.inmi.it\/pt\/infezioni-emergenti-ed-infezioni-associate-allassistenza\/","title":{"rendered":"Infezioni emergenti ed infezioni associate all&#8217;assistenza"},"content":{"rendered":"<p>[et_pb_section bb_built=&#8221;1&#8243;][et_pb_row][et_pb_column type=&#8221;4_4&#8243;][et_pb_tabs _builder_version=&#8221;3.19.11&#8243;][et_pb_tab _builder_version=&#8221;3.19.11&#8243; link_option_url_new_window=&#8221;off&#8221; use_background_color_gradient=&#8221;off&#8221; background_color_gradient_start=&#8221;#2b87da&#8221; background_color_gradient_end=&#8221;#29c4a9&#8243; background_color_gradient_type=&#8221;linear&#8221; background_color_gradient_direction=&#8221;180deg&#8221; background_color_gradient_direction_radial=&#8221;center&#8221; background_color_gradient_start_position=&#8221;0%&#8221; background_color_gradient_end_position=&#8221;100%&#8221; background_color_gradient_overlays_image=&#8221;off&#8221; parallax=&#8221;off&#8221; parallax_method=&#8221;on&#8221; background_size=&#8221;cover&#8221; background_position=&#8221;center&#8221; background_repeat=&#8221;no-repeat&#8221; background_blend=&#8221;normal&#8221; allow_player_pause=&#8221;off&#8221; background_video_pause_outside_viewport=&#8221;on&#8221; tab_text_shadow_style=&#8221;none&#8221; body_text_shadow_style=&#8221;none&#8221; hover_transition_duration=&#8221;300ms&#8221; hover_transition_delay=&#8221;0ms&#8221; hover_transition_speed_curve=&#8221;ease&#8221; title=&#8221;Infezioni emergenti ed infezioni associate all\u2019assistenza&#8221; tab_text_shadow_horizontal_length=&#8221;0em&#8221; tab_text_shadow_vertical_length=&#8221;0em&#8221; tab_text_shadow_blur_strength=&#8221;0em&#8221; body_text_shadow_horizontal_length=&#8221;0em&#8221; body_text_shadow_vertical_length=&#8221;0em&#8221; body_text_shadow_blur_strength=&#8221;0em&#8221;]<\/p>\n<p>Il panorama delle malattie infettive a livello mondiale \u00e8 dominato dal timore di nuove epidemie, dovute all\u2019introduzione per via \u201cnaturale\u201d, o a seguito di rilascio deliberato di agenti patogeni ad alta pericolosit\u00e0. Parallelamente, le infezioni correlate alla pratica assistenziale che interessano i pazienti, continuano a costituire un&#8217;importante causa di morbidit\u00e0 e mortalit\u00e0, rappresentano una delle principali complicazioni conseguenti al ricovero, sono un rilevante problema di sanit\u00e0 pubblica ed un elemento importante per la definizione della qualit\u00e0 dell&#8217;assistenza, per non parlare che hanno costi umani e sociali rilevanti.<br \/>Per quanto riguarda le infezioni emergenti, i diversi progetti di questa linea affrontano i seguenti temi:<\/p>\n<ul>\n<li>studio degli aspetti eziopatogenetici, e degli aspetti immunopatogenetici finalizzato alla caratterizzazione microbiologica dei patogeni emergenti e delle conoscenze relative ai meccanismi di difesa antivirale e dell&#8217;interazione con l&#8217;ospite, con possibili risvolti anche per la definizione di metodi diagnostici innovativi e per l&#8217;identificazione di potenziali bersagli terapeutici e strategie vaccinali;<\/li>\n<li>definizione di misure di prevenzione e protezione per la gestione di pazienti con infezioni da patogeni emergenti ad elevata pericolosit\u00e0;<\/li>\n<li>epidemiologia e sviluppo di piani di intervento per prevenire la diffusione delle malattie infettive emergenti;<\/li>\n<li>creazione e partecipazione a reti nazionali ed internazionali; trasferimento di tecnologie a Paesi a risorse limitate.<\/li>\n<\/ul>\n<p>Per quanto riguarda le ICA, attraverso studi di prevalenza e di incidenza multicentrici, registri, indagini di epidemiologia classica e biomolecolare, gestione di focolai epidemici, sistemi di allerta e di sorveglianza di laboratorio, partecipazione a progetti e reti nazionali ed internazionali, sviluppo e valutazione di interventi preventivi e di formazione del personale, elaborazione e verifica di protocolli e procedure ci si pone l\u2019obiettivo di contribuire ad una migliore conoscenza del fenomeno, dei suoi determinanti e dei possibili interventi di prevenzione.<\/p>\n<h2>Progetti europei<\/h2>\n<p><a href=\"https:\/\/www.pitbul-project.eu\/team\/\"> Pitblul <\/a><br \/><a href=\"http:\/\/www.ebolamodrad.eu\/index.php\/contacts\/a-collaborative-network\"> EbolaMoDRAD <\/a><br \/><a href=\"https:\/\/www.who.int\/csr\/disease\/ebola\/partners\/en\/\">Global Outbreak Alert and Response Network (GOARN)<\/a><br \/><a href=\"https:\/\/www.pandora-id.net\/\"> PANDORA <\/a><br \/><a href=\"https:\/\/www.evd-labnet.eu\/network-members\">EVD-LabNet<\/a><br \/><a href=\"https:\/\/www.european-virus-archive.com\/partners\">EVAg<\/a><br \/><a href=\"https:\/\/www.erinha.eu\/erinha-advance\/\">erinha <\/a><\/p>\n<p>[\/et_pb_tab][et_pb_tab _builder_version=&#8221;3.19.11&#8243; title=&#8221;English version&#8221; link_option_url_new_window=&#8221;off&#8221; use_background_color_gradient=&#8221;off&#8221; background_color_gradient_start=&#8221;#2b87da&#8221; background_color_gradient_end=&#8221;#29c4a9&#8243; background_color_gradient_type=&#8221;linear&#8221; background_color_gradient_direction=&#8221;180deg&#8221; background_color_gradient_direction_radial=&#8221;center&#8221; background_color_gradient_start_position=&#8221;0%&#8221; background_color_gradient_end_position=&#8221;100%&#8221; background_color_gradient_overlays_image=&#8221;off&#8221; parallax=&#8221;off&#8221; parallax_method=&#8221;on&#8221; background_size=&#8221;cover&#8221; background_position=&#8221;center&#8221; background_repeat=&#8221;no-repeat&#8221; background_blend=&#8221;normal&#8221; allow_player_pause=&#8221;off&#8221; background_video_pause_outside_viewport=&#8221;on&#8221; tab_text_shadow_style=&#8221;none&#8221; body_text_shadow_style=&#8221;none&#8221; hover_transition_duration=&#8221;300ms&#8221; hover_transition_delay=&#8221;0ms&#8221; hover_transition_speed_curve=&#8221;ease&#8221; tab_text_shadow_horizontal_length=&#8221;0em&#8221; tab_text_shadow_vertical_length=&#8221;0em&#8221; tab_text_shadow_blur_strength=&#8221;0em&#8221; body_text_shadow_horizontal_length=&#8221;0em&#8221; body_text_shadow_vertical_length=&#8221;0em&#8221; body_text_shadow_blur_strength=&#8221;0em&#8221;]<\/p>\n<p><strong>Emerging and associated-assistance infections<\/strong><\/p>\n<p>On a global level, the infectious diseases setting is dominated by the fright of new epidemics, which are either coming naturally or due to deliberate release of dangerous pathogenic agents. Similarly, the infections related to the professional assistance, which regards patients, constitute an important cause of morbidity and mortality, not to mention that they are the main complications due to recovery, being a relevant problem  for the public health as well as an important element in defining the assistance quality in terms of human and social costs.<br \/>\nRegarding the emerging infections, the projects are dealing with the following topics:<\/p>\n<ul>\n<li>\tThe study of etiopathgenetic and immune-pathogenetic aspects orientated toward microbiologic characterization of emerging pathogens and to knowledge-related mechanisms of antiviral defences and host&#8217;s interactions, alongside possible consequences in defining innovative diagnostic methods and determining potential therapeutic targets and vaccine strategies. <\/li>\n<li>\tDefining prevention and protection measures in order to manage patients with infections derived from emerging and high-risk pathogens.<\/li>\n<p> \tEpidemiologic and development of social intervention plans to prevent the diffusion of emerging infectious diseases;<\/p>\n<li>\tCreation and participation to national and international nets as well as transferring technology  instruments to countries with limited resources.<\/li>\n<\/ul>\n<p>Regarding IPAs, the main target is to have a better knowledge of the phenomenon, of its determinants and the potential prevention measures of intervention \u2014 that is mainly focusing on prevalence and multicentre incidence studies, registers, classic epidemiology and bio-molecular surveys, management of epidemic sites, security alert and lab surveillance systems, participation to joint projects nationally and internationally, development and assessment of preventive measures and stuff training, development and certification of protocols and procedures.<\/p>\n<h2> Progetti europei <\/h2>\n<p><a href=\"https:\/\/www.pitbul-project.eu\/team\/\"> Pitblul <\/a><br \/>\n<a href=\"http:\/\/www.ebolamodrad.eu\/index.php\/contacts\/a-collaborative-network\"> EbolaMoDRAD <\/a><br \/>\n<a href=\"https:\/\/www.who.int\/csr\/disease\/ebola\/partners\/en\/\">Global Outbreak Alert and Response Network (GOARN)<\/a><br \/>\n<a href=\"https:\/\/www.pandora-id.net\/\"> PANDORA <\/a><br \/>\n<a href=\"https:\/\/www.evd-labnet.eu\/network-members\">EVD-LabNet<\/a><br \/>\n<a href=\"https:\/\/www.european-virus-archive.com\/partners\">EVAg<\/a><br \/>\n<a href=\"https:\/\/www.erinha.eu\/erinha-advance\/\">erinha <\/a><\/p>\n<p>[\/et_pb_tab][\/et_pb_tabs][\/et_pb_column][\/et_pb_row][\/et_pb_section]<\/p>\n","protected":false},"excerpt":{"rendered":"<p>[et_pb_section bb_built=&#8221;1&#8243;][et_pb_row][et_pb_column type=&#8221;4_4&#8243;][et_pb_tabs _builder_version=&#8221;3.19.11&#8243;][et_pb_tab _builder_version=&#8221;3.19.11&#8243; link_option_url_new_window=&#8221;off&#8221; use_background_color_gradient=&#8221;off&#8221; background_color_gradient_start=&#8221;#2b87da&#8221; background_color_gradient_end=&#8221;#29c4a9&#8243; background_color_gradient_type=&#8221;linear&#8221; background_color_gradient_direction=&#8221;180deg&#8221; background_color_gradient_direction_radial=&#8221;center&#8221; background_color_gradient_start_position=&#8221;0%&#8221; background_color_gradient_end_position=&#8221;100%&#8221; background_color_gradient_overlays_image=&#8221;off&#8221; parallax=&#8221;off&#8221; parallax_method=&#8221;on&#8221; background_size=&#8221;cover&#8221; background_position=&#8221;center&#8221; background_repeat=&#8221;no-repeat&#8221; background_blend=&#8221;normal&#8221; allow_player_pause=&#8221;off&#8221; background_video_pause_outside_viewport=&#8221;on&#8221; tab_text_shadow_style=&#8221;none&#8221; body_text_shadow_style=&#8221;none&#8221; hover_transition_duration=&#8221;300ms&#8221; hover_transition_delay=&#8221;0ms&#8221; hover_transition_speed_curve=&#8221;ease&#8221; title=&#8221;Infezioni emergenti ed infezioni associate all\u2019assistenza&#8221; tab_text_shadow_horizontal_length=&#8221;0em&#8221; tab_text_shadow_vertical_length=&#8221;0em&#8221; tab_text_shadow_blur_strength=&#8221;0em&#8221; body_text_shadow_horizontal_length=&#8221;0em&#8221; body_text_shadow_vertical_length=&#8221;0em&#8221; body_text_shadow_blur_strength=&#8221;0em&#8221;] Il panorama delle malattie infettive a livello mondiale \u00e8 dominato dal timore di nuove epidemie, [&hellip;]<\/p>\n","protected":false},"author":347,"featured_media":0,"parent":0,"menu_order":96,"comment_status":"closed","ping_status":"closed","template":"","meta":{"_et_pb_use_builder":"on","_et_pb_old_content":"Il panorama delle malattie infettive a livello mondiale \u00e8 dominato dal timore di nuove epidemie, dovute all\u2019introduzione per via \u201cnaturale\u201d, o a seguito di rilascio deliberato di agenti patogeni ad alta pericolosit\u00e0. Parallelamente, le infezioni correlate alla pratica assistenziale che interessano i pazienti, continuano a costituire un'importante causa di morbidit\u00e0 e mortalit\u00e0, rappresentano una delle principali complicazioni conseguenti al ricovero, sono un rilevante problema di sanit\u00e0 pubblica ed un elemento importante per la definizione della qualit\u00e0 dell'assistenza, per non parlare che hanno costi umani e sociali rilevanti.\r\nPer quanto riguarda le infezioni emergenti, i diversi progetti di questa linea affrontano i seguenti temi:\r\n<ul>\r\n \t<li>studio degli aspetti eziopatogenetici, e degli aspetti immunopatogenetici finalizzato alla caratterizzazione microbiologica dei patogeni emergenti e delle conoscenze relative ai meccanismi di difesa antivirale e dell'interazione con l'ospite, con possibili risvolti anche per la definizione di metodi diagnostici innovativi e per l'identificazione di potenziali bersagli terapeutici e strategie vaccinali;<\/li>\r\n \t<li>definizione di misure di prevenzione e protezione per la gestione di pazienti con infezioni da patogeni emergenti ad elevata pericolosit\u00e0;<\/li>\r\n \t<li>epidemiologia e sviluppo di piani di intervento per prevenire la diffusione delle malattie infettive emergenti;<\/li>\r\n \t<li>creazione e partecipazione a reti nazionali ed internazionali; trasferimento di tecnologie a Paesi a risorse limitate.<\/li>\r\n<\/ul>\r\nPer quanto riguarda le IPA, attraverso studi di prevalenza e di incidenza multicentrici, registri, indagini di epidemiologia classica e biomolecolare, gestione di focolai epidemici, sistemi di allerta e di sorveglianza di laboratorio, partecipazione a progetti e reti nazionali ed internazionali, sviluppo e valutazione di interventi preventivi e di formazione del personale, elaborazione e verifica di protocolli e procedure ci si pone l\u2019obiettivo di contribuire ad una migliore conoscenza del fenomeno, dei suoi determinanti e dei possibili interventi di prevenzione.\r\n\r\n<h2> Progetti europei <\/h2>\r\n<a href=\"https:\/\/www.pitbul-project.eu\/team\/\"> Pitblul <\/a>\r\n<a href=\"http:\/\/www.ebolamodrad.eu\/index.php\/contacts\/a-collaborative-network\"> EbolaMoDRAD <\/a>\r\n<a href=\"https:\/\/www.who.int\/csr\/disease\/ebola\/partners\/en\/\">Global Outbreak Alert and Response Network (GOARN)<\/a>\r\n<a href=\"https:\/\/www.pandora-id.net\/\"> PANDORA <\/a>\r\n<a href=\"https:\/\/www.evd-labnet.eu\/network-members\">EVD-LabNet<\/a>\r\n<a href=\"https:\/\/www.european-virus-archive.com\/partners\">EVAg<\/a>\r\n<a href=\"https:\/\/www.erinha.eu\/erinha-advance\/\">erinha <\/a>","_et_gb_content_width":"","h5ap_radio_sources":[],"footnotes":""},"class_list":["post-2456","page","type-page","status-publish","hentry"],"_links":{"self":[{"href":"https:\/\/www.inmi.it\/pt\/wp-json\/wp\/v2\/pages\/2456","targetHints":{"allow":["GET"]}}],"collection":[{"href":"https:\/\/www.inmi.it\/pt\/wp-json\/wp\/v2\/pages"}],"about":[{"href":"https:\/\/www.inmi.it\/pt\/wp-json\/wp\/v2\/types\/page"}],"author":[{"embeddable":true,"href":"https:\/\/www.inmi.it\/pt\/wp-json\/wp\/v2\/users\/347"}],"replies":[{"embeddable":true,"href":"https:\/\/www.inmi.it\/pt\/wp-json\/wp\/v2\/comments?post=2456"}],"version-history":[{"count":12,"href":"https:\/\/www.inmi.it\/pt\/wp-json\/wp\/v2\/pages\/2456\/revisions"}],"predecessor-version":[{"id":14135,"href":"https:\/\/www.inmi.it\/pt\/wp-json\/wp\/v2\/pages\/2456\/revisions\/14135"}],"wp:attachment":[{"href":"https:\/\/www.inmi.it\/pt\/wp-json\/wp\/v2\/media?parent=2456"}],"curies":[{"name":"wp","href":"https:\/\/api.w.org\/{rel}","templated":true}]}}