{"id":2461,"date":"2019-04-04T11:09:42","date_gmt":"2019-04-04T09:09:42","guid":{"rendered":"https:\/\/www.inmi.it\/?page_id=2461"},"modified":"2019-11-06T13:16:22","modified_gmt":"2019-11-06T12:16:22","slug":"epatiti-virali","status":"publish","type":"page","link":"https:\/\/www.inmi.it\/pt\/epatiti-virali\/","title":{"rendered":"Epatiti virali"},"content":{"rendered":"<p>Questa linea di ricerca \u00e8 dedicata:<\/p>\n<ul>\n<li> allo studio dei rapporti virus-ospite, mediante l&#8217;analisi dei fattori (virali e dell&#8217;ospite) impegnati nei meccanismi patogenetici che sono alla base dello sviluppo delle lesioni tissutali e sistemiche,<\/li>\n<li> l&#8217;analisi delle difese di tipo specifico e aspecifico evocate dall\u2019infezione stessa o preesistenti,<\/li>\n<li> l\u2019identificazione di marcatori prognostici di progressione della malattia e\/o di risposta a terapia,<\/li>\n<li> l&#8217;approfondimento degli aspetti di storia naturale e terapeutici delle co-infezioni.<\/li>\n<p>L\u2019articolazione della linea \u00e8 caratterizzata da una forte impronta di integrazione e di trasversalit\u00e0. Parte degli studi prevede l\u2019utilizzo di modelli in vitro ed animali, mentre le implicazioni cliniche vengono affrontate utilizzando l&#8217;ampia coorte di pazienti con mono- o co-infezione che afferiscono alle divisioni cliniche dell&#8217;INMI e la cooperazione con altre coorti di rilevanza nazionale. Il progetto ha a disposizione tecnologie avanzate, quali l\u2019analisi del proteoma, l\u2019analisi fine della risposta cellulare a stimoli antigenici, l\u2019analisi dei profili di espressione di geni cellulari, l\u2019analisi di sequenza e lo studio della filogenesi virale con tecnologie di avanguardia basate sul principio del pirosequenziamento ad alta densit\u00e0. L&#8217;integrazione tra le varie unit\u00e0 impegnate nei progetti della linea si rafforza grazie alla disponibilit\u00e0 di una banca di materiali bioptici, plasma e cellule ematiche di pazienti, molti dei quali co-infetti, per i quali viene eseguita una raccolta sistematica di dati clinici parallela a quella dei materiali biologici.<\/p>\n<p><b> Programma Prevenzione delle Epatiti Virali : <\/b> <a href=\"https:\/\/prev.inmi.it\/\"> Prev <\/a><\/p>\n<h2> Progetti europei <\/h2>\n<p><a href=\"https:\/\/www.pitbul-project.eu\/team\/\"> Pitblul <\/a><br \/>\n<a href=\"http:\/\/www.ebolamodrad.eu\/index.php\/contacts\/a-collaborative-network\"> EbolaMoDRAD <\/a><br \/>\n<a href=\"https:\/\/www.who.int\/csr\/disease\/ebola\/partners\/en\/\">Global Outbreak Alert and Response Network (GOARN)<\/a><br \/>\n<a href=\"https:\/\/www.pandora-id.net\/\"> PANDORA <\/a><br \/>\n<a href=\"https:\/\/www.evd-labnet.eu\/network-members\">EVD-LabNet<\/a><br \/>\n<a href=\"https:\/\/www.european-virus-archive.com\/partners\">EVAg<\/a><br \/>\n<a href=\"https:\/\/www.erinha.eu\/erinha-advance\/\">erinha <\/a><\/p>","protected":false},"excerpt":{"rendered":"<p>Questa linea di ricerca \u00e8 dedicata: allo studio dei rapporti virus-ospite, mediante l&#8217;analisi dei fattori (virali e dell&#8217;ospite) impegnati nei meccanismi patogenetici che sono alla base dello sviluppo delle lesioni tissutali e sistemiche, l&#8217;analisi delle difese di tipo specifico e aspecifico evocate dall\u2019infezione stessa o preesistenti, l\u2019identificazione di marcatori prognostici di progressione della malattia e\/o [&hellip;]<\/p>\n","protected":false},"author":347,"featured_media":0,"parent":0,"menu_order":95,"comment_status":"closed","ping_status":"closed","template":"","meta":{"_et_pb_use_builder":"","_et_pb_old_content":"","_et_gb_content_width":"","h5ap_radio_sources":[],"footnotes":""},"class_list":["post-2461","page","type-page","status-publish","hentry"],"_links":{"self":[{"href":"https:\/\/www.inmi.it\/pt\/wp-json\/wp\/v2\/pages\/2461","targetHints":{"allow":["GET"]}}],"collection":[{"href":"https:\/\/www.inmi.it\/pt\/wp-json\/wp\/v2\/pages"}],"about":[{"href":"https:\/\/www.inmi.it\/pt\/wp-json\/wp\/v2\/types\/page"}],"author":[{"embeddable":true,"href":"https:\/\/www.inmi.it\/pt\/wp-json\/wp\/v2\/users\/347"}],"replies":[{"embeddable":true,"href":"https:\/\/www.inmi.it\/pt\/wp-json\/wp\/v2\/comments?post=2461"}],"version-history":[{"count":4,"href":"https:\/\/www.inmi.it\/pt\/wp-json\/wp\/v2\/pages\/2461\/revisions"}],"predecessor-version":[{"id":5721,"href":"https:\/\/www.inmi.it\/pt\/wp-json\/wp\/v2\/pages\/2461\/revisions\/5721"}],"wp:attachment":[{"href":"https:\/\/www.inmi.it\/pt\/wp-json\/wp\/v2\/media?parent=2461"}],"curies":[{"name":"wp","href":"https:\/\/api.w.org\/{rel}","templated":true}]}}