{"id":6128,"date":"2020-01-29T12:03:17","date_gmt":"2020-01-29T11:03:17","guid":{"rendered":"https:\/\/www.inmi.it\/?page_id=6128"},"modified":"2024-05-02T10:43:48","modified_gmt":"2024-05-02T08:43:48","slug":"trapianto-di-fegato-paziente","status":"publish","type":"page","link":"https:\/\/www.inmi.it\/pt\/trapianto-di-fegato-paziente\/","title":{"rendered":"trapianto di fegato paziente"},"content":{"rendered":"<h2><strong> Sono un paziente:<\/strong><\/h2>\n<p>\u00c8 possibile prenotare una &#8220;prima visita epatologica&#8221; tramite ReCup regionale su ricetta SSN, che generalmente viene fissata entro pochi giorni presso l&#8217;Ambulatorio Epatologico della UOC Malattie Infettive Epatologia nelle ore del mattino. In alternativa \u00e8 anche possibile accedere senza prenotazione dal luned\u00ec al venerd\u00ec dalle ore 11.00 alle ore 12.30, presso il Padiglione Di Raimondo, considerando che verranno accettati al massimo 2 pazienti al giorno. Eventuali altri pazienti verranno prenotati per i giorni successivi.<\/p>\n<p>&nbsp;<\/p>\n<h2>Contatti:<\/h2>\n<p><strong>Accoglienza:<\/strong><br \/>\n+39 06.55170588<br \/>\n<strong>Ambulatorio POIT:<\/strong><br \/>\n+39 06.55170149<\/p>","protected":false},"excerpt":{"rendered":"<p>Sono un paziente: \u00c8 possibile prenotare una &#8220;prima visita epatologica&#8221; tramite ReCup regionale su ricetta SSN, che generalmente viene fissata entro pochi giorni presso l&#8217;Ambulatorio Epatologico della UOC Malattie Infettive Epatologia nelle ore del mattino. In alternativa \u00e8 anche possibile accedere senza prenotazione dal luned\u00ec al venerd\u00ec dalle ore 11.00 alle ore 12.30, presso il [&hellip;]<\/p>\n","protected":false},"author":347,"featured_media":0,"parent":0,"menu_order":33,"comment_status":"closed","ping_status":"closed","template":"","meta":{"_et_pb_use_builder":"","_et_pb_old_content":"","_et_gb_content_width":"","h5ap_radio_sources":[],"footnotes":""},"class_list":["post-6128","page","type-page","status-publish","hentry"],"_links":{"self":[{"href":"https:\/\/www.inmi.it\/pt\/wp-json\/wp\/v2\/pages\/6128","targetHints":{"allow":["GET"]}}],"collection":[{"href":"https:\/\/www.inmi.it\/pt\/wp-json\/wp\/v2\/pages"}],"about":[{"href":"https:\/\/www.inmi.it\/pt\/wp-json\/wp\/v2\/types\/page"}],"author":[{"embeddable":true,"href":"https:\/\/www.inmi.it\/pt\/wp-json\/wp\/v2\/users\/347"}],"replies":[{"embeddable":true,"href":"https:\/\/www.inmi.it\/pt\/wp-json\/wp\/v2\/comments?post=6128"}],"version-history":[{"count":6,"href":"https:\/\/www.inmi.it\/pt\/wp-json\/wp\/v2\/pages\/6128\/revisions"}],"predecessor-version":[{"id":18895,"href":"https:\/\/www.inmi.it\/pt\/wp-json\/wp\/v2\/pages\/6128\/revisions\/18895"}],"wp:attachment":[{"href":"https:\/\/www.inmi.it\/pt\/wp-json\/wp\/v2\/media?parent=6128"}],"curies":[{"name":"wp","href":"https:\/\/api.w.org\/{rel}","templated":true}]}}